{"id":112,"date":"2017-07-02T09:48:43","date_gmt":"2017-07-02T09:48:43","guid":{"rendered":"http:\/\/mojito-cat.com\/?page_id=112"},"modified":"2024-10-24T15:40:34","modified_gmt":"2024-10-24T15:40:34","slug":"unser-cat","status":"publish","type":"page","link":"https:\/\/mojito-cat.com\/?page_id=112","title":{"rendered":"Unser Cat"},"content":{"rendered":"<p><b>Mojito: Privilege 445,\u00a0\u00a0Baujahr 2007\u00a0<\/b><\/p>\n<p><img decoding=\"async\" class=\"alignnone size-large wp-image-65\" src=\"https:\/\/mojito-cat.com\/wp-content\/uploads\/2017\/06\/IMG_5898-1024x768.jpg\" alt=\"\" width=\"525\" height=\"394\" srcset=\"https:\/\/mojito-cat.com\/wp-content\/uploads\/2017\/06\/IMG_5898-1024x768.jpg 1024w, https:\/\/mojito-cat.com\/wp-content\/uploads\/2017\/06\/IMG_5898-300x225.jpg 300w, https:\/\/mojito-cat.com\/wp-content\/uploads\/2017\/06\/IMG_5898-768x576.jpg 768w\" sizes=\"(max-width: 525px) 100vw, 525px\" \/><\/p>\n<p>W\u00e4hrend eines Segelurlaubs auf Cuba lernten wir das Leben auf einem Fahrtencatamaran und den \u00a0Cocktail &#8222;Mojito&#8220; kennen. Danach stand f\u00fcr uns fest: sollten wir &#8222;unseren&#8220; Catamaran finden, so soll er &#8222;Mojito&#8220; hei\u00dfen! Der Wortursprung stammt dabei vom afrikanischen Begriff &#8222;Mojo&#8220;, der mit den afrikanischen Sklaven nach Amerika kam. Mojo war hierbei ein Stoffbeutel, gef\u00fcllt mit Gew\u00fcrzen und Gegenst\u00e4nden, der als Gl\u00fccksbringer unter der Kleidung getragen wurde. Der Begriff &#8222;Mojito&#8220; ist die Verkleinerung von &#8222;Mojo&#8220; und bedeutet soviel wie &#8222;kleiner Zauber&#8220;.\u00a0F\u00fcr uns ist &#8222;Mojito&#8220; jeden Tag ein kleiner Zauber!<\/p>\n<p><strong>Eckdaten:<\/strong><\/p>\n<p>L\u00e4nge: 13,5 m<br \/>\nTiefgang: 1,40 m<br \/>\nBaujahr: 2007<br \/>\nMotor: 2x Volvo Penta<br \/>\nTanks:<br \/>\nWassertank: 600 Liter<br \/>\nTreibstofftank: 520 Liter<\/p>\n<p>Gewicht: 12 to<\/p>\n<p>Segel: Gro\u00dfsegel 76qm, Genua 47qm, Fock 34 qm, Genacker 87 qm, Parasailor 158 qm<\/p>\n","protected":false},"excerpt":{"rendered":"<p>Mojito: Privilege 445,\u00a0\u00a0Baujahr 2007\u00a0 W\u00e4hrend eines Segelurlaubs auf Cuba lernten wir das Leben auf einem Fahrtencatamaran und den \u00a0Cocktail &#8222;Mojito&#8220; kennen. Danach stand f\u00fcr uns fest: sollten wir &#8222;unseren&#8220; Catamaran finden, so soll er &#8222;Mojito&#8220; hei\u00dfen! Der Wortursprung stammt dabei vom afrikanischen Begriff &#8222;Mojo&#8220;, der mit den afrikanischen Sklaven nach Amerika kam. Mojo war hierbei &hellip; <\/p>\n<p class=\"link-more\"><a href=\"https:\/\/mojito-cat.com\/?page_id=112\" class=\"more-link\"><span class=\"screen-reader-text\">\u201eUnser Cat\u201c <\/span>weiterlesen<\/a><\/p>\n","protected":false},"author":2,"featured_media":0,"parent":0,"menu_order":0,"comment_status":"closed","ping_status":"closed","template":"","meta":{"footnotes":""},"class_list":["post-112","page","type-page","status-publish","hentry"],"yoast_head":"<!-- This site is optimized with the Yoast SEO plugin v27.4 - https:\/\/yoast.com\/product\/yoast-seo-wordpress\/ -->\n<title>Unser Cat - Catamaran Mojito<\/title>\n<meta name=\"robots\" content=\"noindex, follow, max-snippet:-1, max-image-preview:large, max-video-preview:-1\" \/>\n<meta property=\"og:locale\" content=\"de_DE\" \/>\n<meta property=\"og:type\" content=\"article\" \/>\n<meta property=\"og:title\" content=\"Unser Cat - Catamaran Mojito\" \/>\n<meta property=\"og:description\" content=\"Mojito: Privilege 445,\u00a0\u00a0Baujahr 2007\u00a0 W\u00e4hrend eines Segelurlaubs auf Cuba lernten wir das Leben auf einem Fahrtencatamaran und den \u00a0Cocktail &#8222;Mojito&#8220; kennen. Danach stand f\u00fcr uns fest: sollten wir &#8222;unseren&#8220; Catamaran finden, so soll er &#8222;Mojito&#8220; hei\u00dfen! Der Wortursprung stammt dabei vom afrikanischen Begriff &#8222;Mojo&#8220;, der mit den afrikanischen Sklaven nach Amerika kam. Mojo war hierbei &hellip; \u201eUnser Cat\u201c weiterlesen\" \/>\n<meta property=\"og:url\" content=\"https:\/\/mojito-cat.com\/?page_id=112\" \/>\n<meta property=\"og:site_name\" content=\"Catamaran Mojito\" \/>\n<meta property=\"article:modified_time\" content=\"2024-10-24T15:40:34+00:00\" \/>\n<meta property=\"og:image\" content=\"http:\/\/mojito-cat.com\/wp-content\/uploads\/2017\/06\/IMG_5898-1024x768.jpg\" \/>\n<meta name=\"twitter:card\" content=\"summary_large_image\" \/>\n<meta name=\"twitter:label1\" content=\"Gesch\u00e4tzte Lesezeit\" \/>\n\t<meta name=\"twitter:data1\" content=\"1\u00a0Minute\" \/>\n<script type=\"application\/ld+json\" class=\"yoast-schema-graph\">{\"@context\":\"https:\\\/\\\/schema.org\",\"@graph\":[{\"@type\":\"WebPage\",\"@id\":\"https:\\\/\\\/mojito-cat.com\\\/?page_id=112\",\"url\":\"https:\\\/\\\/mojito-cat.com\\\/?page_id=112\",\"name\":\"Unser Cat - Catamaran Mojito\",\"isPartOf\":{\"@id\":\"https:\\\/\\\/mojito-cat.com\\\/#website\"},\"primaryImageOfPage\":{\"@id\":\"https:\\\/\\\/mojito-cat.com\\\/?page_id=112#primaryimage\"},\"image\":{\"@id\":\"https:\\\/\\\/mojito-cat.com\\\/?page_id=112#primaryimage\"},\"thumbnailUrl\":\"http:\\\/\\\/mojito-cat.com\\\/wp-content\\\/uploads\\\/2017\\\/06\\\/IMG_5898-1024x768.jpg\",\"datePublished\":\"2017-07-02T09:48:43+00:00\",\"dateModified\":\"2024-10-24T15:40:34+00:00\",\"breadcrumb\":{\"@id\":\"https:\\\/\\\/mojito-cat.com\\\/?page_id=112#breadcrumb\"},\"inLanguage\":\"de\",\"potentialAction\":[{\"@type\":\"ReadAction\",\"target\":[\"https:\\\/\\\/mojito-cat.com\\\/?page_id=112\"]}]},{\"@type\":\"ImageObject\",\"inLanguage\":\"de\",\"@id\":\"https:\\\/\\\/mojito-cat.com\\\/?page_id=112#primaryimage\",\"url\":\"http:\\\/\\\/mojito-cat.com\\\/wp-content\\\/uploads\\\/2017\\\/06\\\/IMG_5898-1024x768.jpg\",\"contentUrl\":\"http:\\\/\\\/mojito-cat.com\\\/wp-content\\\/uploads\\\/2017\\\/06\\\/IMG_5898-1024x768.jpg\"},{\"@type\":\"BreadcrumbList\",\"@id\":\"https:\\\/\\\/mojito-cat.com\\\/?page_id=112#breadcrumb\",\"itemListElement\":[{\"@type\":\"ListItem\",\"position\":1,\"name\":\"Startseite\",\"item\":\"https:\\\/\\\/mojito-cat.com\\\/\"},{\"@type\":\"ListItem\",\"position\":2,\"name\":\"Unser Cat\"}]},{\"@type\":\"WebSite\",\"@id\":\"https:\\\/\\\/mojito-cat.com\\\/#website\",\"url\":\"https:\\\/\\\/mojito-cat.com\\\/\",\"name\":\"Catamaran Mojito\",\"description\":\"\",\"potentialAction\":[{\"@type\":\"SearchAction\",\"target\":{\"@type\":\"EntryPoint\",\"urlTemplate\":\"https:\\\/\\\/mojito-cat.com\\\/?s={search_term_string}\"},\"query-input\":{\"@type\":\"PropertyValueSpecification\",\"valueRequired\":true,\"valueName\":\"search_term_string\"}}],\"inLanguage\":\"de\"}]}<\/script>\n<!-- \/ Yoast SEO plugin. -->","yoast_head_json":{"title":"Unser Cat - Catamaran Mojito","robots":{"index":"noindex","follow":"follow","max-snippet":"max-snippet:-1","max-image-preview":"max-image-preview:large","max-video-preview":"max-video-preview:-1"},"og_locale":"de_DE","og_type":"article","og_title":"Unser Cat - Catamaran Mojito","og_description":"Mojito: Privilege 445,\u00a0\u00a0Baujahr 2007\u00a0 W\u00e4hrend eines Segelurlaubs auf Cuba lernten wir das Leben auf einem Fahrtencatamaran und den \u00a0Cocktail &#8222;Mojito&#8220; kennen. Danach stand f\u00fcr uns fest: sollten wir &#8222;unseren&#8220; Catamaran finden, so soll er &#8222;Mojito&#8220; hei\u00dfen! Der Wortursprung stammt dabei vom afrikanischen Begriff &#8222;Mojo&#8220;, der mit den afrikanischen Sklaven nach Amerika kam. Mojo war hierbei &hellip; \u201eUnser Cat\u201c weiterlesen","og_url":"https:\/\/mojito-cat.com\/?page_id=112","og_site_name":"Catamaran Mojito","article_modified_time":"2024-10-24T15:40:34+00:00","og_image":[{"url":"http:\/\/mojito-cat.com\/wp-content\/uploads\/2017\/06\/IMG_5898-1024x768.jpg","type":"","width":"","height":""}],"twitter_card":"summary_large_image","twitter_misc":{"Gesch\u00e4tzte Lesezeit":"1\u00a0Minute"},"schema":{"@context":"https:\/\/schema.org","@graph":[{"@type":"WebPage","@id":"https:\/\/mojito-cat.com\/?page_id=112","url":"https:\/\/mojito-cat.com\/?page_id=112","name":"Unser Cat - Catamaran Mojito","isPartOf":{"@id":"https:\/\/mojito-cat.com\/#website"},"primaryImageOfPage":{"@id":"https:\/\/mojito-cat.com\/?page_id=112#primaryimage"},"image":{"@id":"https:\/\/mojito-cat.com\/?page_id=112#primaryimage"},"thumbnailUrl":"http:\/\/mojito-cat.com\/wp-content\/uploads\/2017\/06\/IMG_5898-1024x768.jpg","datePublished":"2017-07-02T09:48:43+00:00","dateModified":"2024-10-24T15:40:34+00:00","breadcrumb":{"@id":"https:\/\/mojito-cat.com\/?page_id=112#breadcrumb"},"inLanguage":"de","potentialAction":[{"@type":"ReadAction","target":["https:\/\/mojito-cat.com\/?page_id=112"]}]},{"@type":"ImageObject","inLanguage":"de","@id":"https:\/\/mojito-cat.com\/?page_id=112#primaryimage","url":"http:\/\/mojito-cat.com\/wp-content\/uploads\/2017\/06\/IMG_5898-1024x768.jpg","contentUrl":"http:\/\/mojito-cat.com\/wp-content\/uploads\/2017\/06\/IMG_5898-1024x768.jpg"},{"@type":"BreadcrumbList","@id":"https:\/\/mojito-cat.com\/?page_id=112#breadcrumb","itemListElement":[{"@type":"ListItem","position":1,"name":"Startseite","item":"https:\/\/mojito-cat.com\/"},{"@type":"ListItem","position":2,"name":"Unser Cat"}]},{"@type":"WebSite","@id":"https:\/\/mojito-cat.com\/#website","url":"https:\/\/mojito-cat.com\/","name":"Catamaran Mojito","description":"","potentialAction":[{"@type":"SearchAction","target":{"@type":"EntryPoint","urlTemplate":"https:\/\/mojito-cat.com\/?s={search_term_string}"},"query-input":{"@type":"PropertyValueSpecification","valueRequired":true,"valueName":"search_term_string"}}],"inLanguage":"de"}]}},"_links":{"self":[{"href":"https:\/\/mojito-cat.com\/index.php?rest_route=\/wp\/v2\/pages\/112","targetHints":{"allow":["GET"]}}],"collection":[{"href":"https:\/\/mojito-cat.com\/index.php?rest_route=\/wp\/v2\/pages"}],"about":[{"href":"https:\/\/mojito-cat.com\/index.php?rest_route=\/wp\/v2\/types\/page"}],"author":[{"embeddable":true,"href":"https:\/\/mojito-cat.com\/index.php?rest_route=\/wp\/v2\/users\/2"}],"replies":[{"embeddable":true,"href":"https:\/\/mojito-cat.com\/index.php?rest_route=%2Fwp%2Fv2%2Fcomments&post=112"}],"version-history":[{"count":4,"href":"https:\/\/mojito-cat.com\/index.php?rest_route=\/wp\/v2\/pages\/112\/revisions"}],"predecessor-version":[{"id":1895,"href":"https:\/\/mojito-cat.com\/index.php?rest_route=\/wp\/v2\/pages\/112\/revisions\/1895"}],"wp:attachment":[{"href":"https:\/\/mojito-cat.com\/index.php?rest_route=%2Fwp%2Fv2%2Fmedia&parent=112"}],"curies":[{"name":"wp","href":"https:\/\/api.w.org\/{rel}","templated":true}]}}