{"id":63,"date":"2017-06-05T16:24:53","date_gmt":"2017-06-05T16:24:53","guid":{"rendered":"http:\/\/mojito-cat.com\/?page_id=63"},"modified":"2017-07-02T10:03:47","modified_gmt":"2017-07-02T10:03:47","slug":"wir-ueber-uns","status":"publish","type":"page","link":"https:\/\/mojito-cat.com\/?page_id=63","title":{"rendered":"Wir \u00fcber uns"},"content":{"rendered":"<p>&nbsp;<\/p>\n<p><strong>Die Crew:<\/strong><\/p>\n<p>Gerrit und Pascale<\/p>\n<p><img decoding=\"async\" class=\"alignnone size-large wp-image-67\" src=\"https:\/\/mojito-cat.com\/wp-content\/uploads\/2017\/06\/IMG_4143-1024x768.jpg\" alt=\"\" width=\"525\" height=\"394\" srcset=\"https:\/\/mojito-cat.com\/wp-content\/uploads\/2017\/06\/IMG_4143-1024x768.jpg 1024w, https:\/\/mojito-cat.com\/wp-content\/uploads\/2017\/06\/IMG_4143-300x225.jpg 300w, https:\/\/mojito-cat.com\/wp-content\/uploads\/2017\/06\/IMG_4143-768x576.jpg 768w, https:\/\/mojito-cat.com\/wp-content\/uploads\/2017\/06\/IMG_4143.jpg 1280w\" sizes=\"(max-width: 525px) 100vw, 525px\" \/><\/p>\n<p>&nbsp;<\/p>\n<p><strong>Pascale, Jahrgang 1964<\/strong><\/p>\n<p><img decoding=\"async\" class=\"alignnone size-large wp-image-66\" src=\"https:\/\/mojito-cat.com\/wp-content\/uploads\/2017\/06\/IMG_5330-768x1024.jpg\" alt=\"\" width=\"525\" height=\"700\" srcset=\"https:\/\/mojito-cat.com\/wp-content\/uploads\/2017\/06\/IMG_5330-768x1024.jpg 768w, https:\/\/mojito-cat.com\/wp-content\/uploads\/2017\/06\/IMG_5330-225x300.jpg 225w\" sizes=\"(max-width: 525px) 100vw, 525px\" \/><\/p>\n<p>Meine Begeisterung f\u00fcr das Segeln habe ich erst sp\u00e4t entdeckt. Eigentlich bin ich eine passionierte Reiterin und mag besonders die Iberischen Pferde.<\/p>\n<p>Vielleicht ist es die Liebe zur Natur, die mich zum Segeln gebracht hat. Das Leben auf dem Wasser sp\u00fcren- die sch\u00f6nen und die rauen Seiten. Neue Orte von der See aus kennen zu lernen ist immer wieder spannend.<\/p>\n<p>Meine Aufgaben an Bord sind die der Co-Skipperin und F&amp;B Managerin. Da ich sehr gerne koche und noch lieber esse, habe ich\u00a0 den Anspruch auf Pantry und Proviantierung gestellt. Das erlaubt mir \u00fcber die M\u00e4rkte zu schlendern und allerlei landestypische K\u00f6stlichkeiten zu finden, welche dann gen\u00fcsslich an Bord verzerrt werden.<\/p>\n<p>Au\u00dferdem\u00a0bin ich die Event-Managerin, d.h. Planung der Landausfl\u00fcge, welche der Crew das ein oder andere Mal einiges abverlangt. Aber: wie sagt man\u00a0so sch\u00f6n:\u00a0no risk, no fun!<\/p>\n<p>Ach ja &#8211; die Auswahl der Bordlekt\u00fcre und der Bordmusik schlie\u00dfen mein Aufgabenfeld.<\/p>\n<p><strong>Gerrit, Jahrgang 1959<\/strong><\/p>\n<p><img decoding=\"async\" class=\"alignnone size-large wp-image-68\" src=\"https:\/\/mojito-cat.com\/wp-content\/uploads\/2017\/06\/IMG_3049-e1496679343846-768x1024.jpg\" alt=\"\" width=\"525\" height=\"700\" srcset=\"https:\/\/mojito-cat.com\/wp-content\/uploads\/2017\/06\/IMG_3049-e1496679343846-768x1024.jpg 768w, https:\/\/mojito-cat.com\/wp-content\/uploads\/2017\/06\/IMG_3049-e1496679343846-225x300.jpg 225w, https:\/\/mojito-cat.com\/wp-content\/uploads\/2017\/06\/IMG_3049-e1496679343846.jpg 1224w\" sizes=\"(max-width: 525px) 100vw, 525px\" \/><\/p>\n<p>Mit dem Surfen und Hobbiecat segeln\u00a0begann meine Leidenschaft f\u00fcr\u00a0den Wassersport.<\/p>\n<p>Nachdem wir einige Jahre die Nordseeinseln und in den Niederlanden Friesland und\u00a0das Ijsselmeer mit unserem Motorboot erkundet haben, erwachte immer mehr der alte Traum vom eigenen Fahrten-Catamaran.<\/p>\n<p><span style=\"color: #0000aa;\">Den haben wir im Mittelmeer gefunden &#8211; und damit haben wir auch einen weiteren Vorteil\u00a0beim segeln im S\u00fcden\u00a0entdeckt: Mediterrane Leichtigkeit des Lebens auf dem Wasser\u00a0genie\u00dfen\u00a0und eine fast unbegrenzte M\u00f6glichkeit neue Orte zu entdecken.<\/span><\/p>\n<p>Meine Aufgaben an Bord sind neben denen des Skippers, die vielf\u00e4ltigen und unvorhersehbaren Aufgaben des Bordmechanikers. Vom Auf- und Ausr\u00fcsten von\u00a0\u00a0Mojito mit Wassermacher, Generator\u00a0etc.\u00a0bis hin zum reparieren und perfektionieren der\u00a0Ausstattung.<\/p>\n<p>Und selbstverst\u00e4ndlich \u00fcbernehme ich auch gerne den Job des Vorkosters wenn\u00a0Pascale in der Pantry aktiv\u00a0ist\u00a0\ud83d\ude09<\/p>\n<p>&nbsp;<\/p>\n","protected":false},"excerpt":{"rendered":"<p>&nbsp; Die Crew: Gerrit und Pascale &nbsp; Pascale, Jahrgang 1964 Meine Begeisterung f\u00fcr das Segeln habe ich erst sp\u00e4t entdeckt. Eigentlich bin ich eine passionierte Reiterin und mag besonders die Iberischen Pferde. Vielleicht ist es die Liebe zur Natur, die mich zum Segeln gebracht hat. Das Leben auf dem Wasser sp\u00fcren- die sch\u00f6nen und die &hellip; <\/p>\n<p class=\"link-more\"><a href=\"https:\/\/mojito-cat.com\/?page_id=63\" class=\"more-link\"><span class=\"screen-reader-text\">\u201eWir \u00fcber uns\u201c <\/span>weiterlesen<\/a><\/p>\n","protected":false},"author":1,"featured_media":0,"parent":0,"menu_order":0,"comment_status":"closed","ping_status":"closed","template":"","meta":{"footnotes":""},"class_list":["post-63","page","type-page","status-publish","hentry"],"yoast_head":"<!-- This site is optimized with the Yoast SEO plugin v27.4 - https:\/\/yoast.com\/product\/yoast-seo-wordpress\/ -->\n<title>Wir \u00fcber uns - Catamaran Mojito<\/title>\n<meta name=\"robots\" content=\"noindex, follow, max-snippet:-1, max-image-preview:large, max-video-preview:-1\" \/>\n<meta property=\"og:locale\" content=\"de_DE\" \/>\n<meta property=\"og:type\" content=\"article\" \/>\n<meta property=\"og:title\" content=\"Wir \u00fcber uns - Catamaran Mojito\" \/>\n<meta property=\"og:description\" content=\"&nbsp; Die Crew: Gerrit und Pascale &nbsp; Pascale, Jahrgang 1964 Meine Begeisterung f\u00fcr das Segeln habe ich erst sp\u00e4t entdeckt. Eigentlich bin ich eine passionierte Reiterin und mag besonders die Iberischen Pferde. Vielleicht ist es die Liebe zur Natur, die mich zum Segeln gebracht hat. Das Leben auf dem Wasser sp\u00fcren- die sch\u00f6nen und die &hellip; \u201eWir \u00fcber uns\u201c weiterlesen\" \/>\n<meta property=\"og:url\" content=\"https:\/\/mojito-cat.com\/?page_id=63\" \/>\n<meta property=\"og:site_name\" content=\"Catamaran Mojito\" \/>\n<meta property=\"article:modified_time\" content=\"2017-07-02T10:03:47+00:00\" \/>\n<meta property=\"og:image\" content=\"http:\/\/mojito-cat.com\/wp-content\/uploads\/2017\/06\/IMG_4143-1024x768.jpg\" \/>\n<meta name=\"twitter:card\" content=\"summary_large_image\" \/>\n<meta name=\"twitter:label1\" content=\"Gesch\u00e4tzte Lesezeit\" \/>\n\t<meta name=\"twitter:data1\" content=\"2\u00a0Minuten\" \/>\n<script type=\"application\/ld+json\" class=\"yoast-schema-graph\">{\"@context\":\"https:\\\/\\\/schema.org\",\"@graph\":[{\"@type\":\"WebPage\",\"@id\":\"https:\\\/\\\/mojito-cat.com\\\/?page_id=63\",\"url\":\"https:\\\/\\\/mojito-cat.com\\\/?page_id=63\",\"name\":\"Wir \u00fcber uns - Catamaran Mojito\",\"isPartOf\":{\"@id\":\"https:\\\/\\\/mojito-cat.com\\\/#website\"},\"primaryImageOfPage\":{\"@id\":\"https:\\\/\\\/mojito-cat.com\\\/?page_id=63#primaryimage\"},\"image\":{\"@id\":\"https:\\\/\\\/mojito-cat.com\\\/?page_id=63#primaryimage\"},\"thumbnailUrl\":\"http:\\\/\\\/mojito-cat.com\\\/wp-content\\\/uploads\\\/2017\\\/06\\\/IMG_4143-1024x768.jpg\",\"datePublished\":\"2017-06-05T16:24:53+00:00\",\"dateModified\":\"2017-07-02T10:03:47+00:00\",\"breadcrumb\":{\"@id\":\"https:\\\/\\\/mojito-cat.com\\\/?page_id=63#breadcrumb\"},\"inLanguage\":\"de\",\"potentialAction\":[{\"@type\":\"ReadAction\",\"target\":[\"https:\\\/\\\/mojito-cat.com\\\/?page_id=63\"]}]},{\"@type\":\"ImageObject\",\"inLanguage\":\"de\",\"@id\":\"https:\\\/\\\/mojito-cat.com\\\/?page_id=63#primaryimage\",\"url\":\"https:\\\/\\\/mojito-cat.com\\\/wp-content\\\/uploads\\\/2017\\\/06\\\/IMG_4143.jpg\",\"contentUrl\":\"https:\\\/\\\/mojito-cat.com\\\/wp-content\\\/uploads\\\/2017\\\/06\\\/IMG_4143.jpg\",\"width\":1280,\"height\":960},{\"@type\":\"BreadcrumbList\",\"@id\":\"https:\\\/\\\/mojito-cat.com\\\/?page_id=63#breadcrumb\",\"itemListElement\":[{\"@type\":\"ListItem\",\"position\":1,\"name\":\"Startseite\",\"item\":\"https:\\\/\\\/mojito-cat.com\\\/\"},{\"@type\":\"ListItem\",\"position\":2,\"name\":\"Wir \u00fcber uns\"}]},{\"@type\":\"WebSite\",\"@id\":\"https:\\\/\\\/mojito-cat.com\\\/#website\",\"url\":\"https:\\\/\\\/mojito-cat.com\\\/\",\"name\":\"Catamaran Mojito\",\"description\":\"\",\"potentialAction\":[{\"@type\":\"SearchAction\",\"target\":{\"@type\":\"EntryPoint\",\"urlTemplate\":\"https:\\\/\\\/mojito-cat.com\\\/?s={search_term_string}\"},\"query-input\":{\"@type\":\"PropertyValueSpecification\",\"valueRequired\":true,\"valueName\":\"search_term_string\"}}],\"inLanguage\":\"de\"}]}<\/script>\n<!-- \/ Yoast SEO plugin. -->","yoast_head_json":{"title":"Wir \u00fcber uns - Catamaran Mojito","robots":{"index":"noindex","follow":"follow","max-snippet":"max-snippet:-1","max-image-preview":"max-image-preview:large","max-video-preview":"max-video-preview:-1"},"og_locale":"de_DE","og_type":"article","og_title":"Wir \u00fcber uns - Catamaran Mojito","og_description":"&nbsp; Die Crew: Gerrit und Pascale &nbsp; Pascale, Jahrgang 1964 Meine Begeisterung f\u00fcr das Segeln habe ich erst sp\u00e4t entdeckt. Eigentlich bin ich eine passionierte Reiterin und mag besonders die Iberischen Pferde. Vielleicht ist es die Liebe zur Natur, die mich zum Segeln gebracht hat. Das Leben auf dem Wasser sp\u00fcren- die sch\u00f6nen und die &hellip; \u201eWir \u00fcber uns\u201c weiterlesen","og_url":"https:\/\/mojito-cat.com\/?page_id=63","og_site_name":"Catamaran Mojito","article_modified_time":"2017-07-02T10:03:47+00:00","og_image":[{"url":"http:\/\/mojito-cat.com\/wp-content\/uploads\/2017\/06\/IMG_4143-1024x768.jpg","type":"","width":"","height":""}],"twitter_card":"summary_large_image","twitter_misc":{"Gesch\u00e4tzte Lesezeit":"2\u00a0Minuten"},"schema":{"@context":"https:\/\/schema.org","@graph":[{"@type":"WebPage","@id":"https:\/\/mojito-cat.com\/?page_id=63","url":"https:\/\/mojito-cat.com\/?page_id=63","name":"Wir \u00fcber uns - Catamaran Mojito","isPartOf":{"@id":"https:\/\/mojito-cat.com\/#website"},"primaryImageOfPage":{"@id":"https:\/\/mojito-cat.com\/?page_id=63#primaryimage"},"image":{"@id":"https:\/\/mojito-cat.com\/?page_id=63#primaryimage"},"thumbnailUrl":"http:\/\/mojito-cat.com\/wp-content\/uploads\/2017\/06\/IMG_4143-1024x768.jpg","datePublished":"2017-06-05T16:24:53+00:00","dateModified":"2017-07-02T10:03:47+00:00","breadcrumb":{"@id":"https:\/\/mojito-cat.com\/?page_id=63#breadcrumb"},"inLanguage":"de","potentialAction":[{"@type":"ReadAction","target":["https:\/\/mojito-cat.com\/?page_id=63"]}]},{"@type":"ImageObject","inLanguage":"de","@id":"https:\/\/mojito-cat.com\/?page_id=63#primaryimage","url":"https:\/\/mojito-cat.com\/wp-content\/uploads\/2017\/06\/IMG_4143.jpg","contentUrl":"https:\/\/mojito-cat.com\/wp-content\/uploads\/2017\/06\/IMG_4143.jpg","width":1280,"height":960},{"@type":"BreadcrumbList","@id":"https:\/\/mojito-cat.com\/?page_id=63#breadcrumb","itemListElement":[{"@type":"ListItem","position":1,"name":"Startseite","item":"https:\/\/mojito-cat.com\/"},{"@type":"ListItem","position":2,"name":"Wir \u00fcber uns"}]},{"@type":"WebSite","@id":"https:\/\/mojito-cat.com\/#website","url":"https:\/\/mojito-cat.com\/","name":"Catamaran Mojito","description":"","potentialAction":[{"@type":"SearchAction","target":{"@type":"EntryPoint","urlTemplate":"https:\/\/mojito-cat.com\/?s={search_term_string}"},"query-input":{"@type":"PropertyValueSpecification","valueRequired":true,"valueName":"search_term_string"}}],"inLanguage":"de"}]}},"_links":{"self":[{"href":"https:\/\/mojito-cat.com\/index.php?rest_route=\/wp\/v2\/pages\/63","targetHints":{"allow":["GET"]}}],"collection":[{"href":"https:\/\/mojito-cat.com\/index.php?rest_route=\/wp\/v2\/pages"}],"about":[{"href":"https:\/\/mojito-cat.com\/index.php?rest_route=\/wp\/v2\/types\/page"}],"author":[{"embeddable":true,"href":"https:\/\/mojito-cat.com\/index.php?rest_route=\/wp\/v2\/users\/1"}],"replies":[{"embeddable":true,"href":"https:\/\/mojito-cat.com\/index.php?rest_route=%2Fwp%2Fv2%2Fcomments&post=63"}],"version-history":[{"count":4,"href":"https:\/\/mojito-cat.com\/index.php?rest_route=\/wp\/v2\/pages\/63\/revisions"}],"predecessor-version":[{"id":127,"href":"https:\/\/mojito-cat.com\/index.php?rest_route=\/wp\/v2\/pages\/63\/revisions\/127"}],"wp:attachment":[{"href":"https:\/\/mojito-cat.com\/index.php?rest_route=%2Fwp%2Fv2%2Fmedia&parent=63"}],"curies":[{"name":"wp","href":"https:\/\/api.w.org\/{rel}","templated":true}]}}